{"id":3020,"date":"2023-05-10T11:08:50","date_gmt":"2023-05-10T09:08:50","guid":{"rendered":"https:\/\/www.villabogdano1880.it\/informationen-und-kontakte\/"},"modified":"2025-10-24T09:55:57","modified_gmt":"2025-10-24T07:55:57","slug":"informationen-und-kontakte","status":"publish","type":"page","link":"https:\/\/www.villabogdano1880.it\/de\/informationen-und-kontakte\/","title":{"rendered":"Informationen und Kontakte"},"content":{"rendered":"<h2><span style=\"font-size: 24pt;\"><strong>\u00d6ffnungszeiten<\/strong><\/span><\/h2>\n<p class=\"text\"><span style=\"font-size: 14pt;\">Montag: 14:30-18:30<\/span><\/p>\n<p class=\"text\"><span style=\"font-size: 14pt;\">Dienstag bis Freitag: 09:30-12:30 \/ 13:30-18:30<\/span><\/p>\n<p class=\"text\"><span style=\"font-size: 14pt;\">Samstag: 09:30-12:30<\/span><\/p>\n<p class=\"text\"><span style=\"font-size: 14pt;\">Sonntags und an Feiertagen: geschlossen<\/span><\/p>\n<p>&nbsp;<\/p>\n<p><span style=\"font-size: 14pt;\"><strong>F\u00fchrungen und Weinverkostungen sind NUR NACH VORHERIGER RESERVIERUNG m\u00f6glich<\/strong>. Entdecken Sie unsere Angebote und buchen Sie Ihr Lieblingserlebnis, indem Sie <span style=\"text-decoration: underline;\"><strong><a href=\"https:\/\/www.villabogdano1880.it\/de\/besuche-und-verkostungen\/\" target=\"_blank\" rel=\"noopener\">HIER klicken<\/a><\/strong>.<\/p>\n<p><\/span><\/span><\/p>\n<p><span style=\"font-size: 14pt;\">W\u00e4hrend der \u00d6ffnungszeiten ist der Laden f\u00fcr Ihren Weinkauf ge\u00f6ffnet und je nach Verf\u00fcgbarkeit k\u00f6nnen Sie einige unserer Weine auch ohne Reservierung verkosten.<\/span><\/p>\n","protected":false},"excerpt":{"rendered":"<p>\u00d6ffnungszeiten Montag: 14:30-18:30 Dienstag bis Freitag: 09:30-12:30 \/ 13:30-18:30 Samstag: 09:30-12:30 Sonntags und an Feiertagen: geschlossen &nbsp; F\u00fchrungen und Weinverkostungen sind NUR NACH VORHERIGER RESERVIERUNG m\u00f6glich. Entdecken Sie unsere Angebote und buchen Sie Ihr Lieblingserlebnis, indem Sie HIER klicken. W\u00e4hrend der \u00d6ffnungszeiten ist der Laden f\u00fcr Ihren Weinkauf ge\u00f6ffnet und je nach Verf\u00fcgbarkeit k\u00f6nnen Sie [&hellip;]<\/p>\n","protected":false},"author":1,"featured_media":4387,"parent":0,"menu_order":0,"comment_status":"closed","ping_status":"closed","template":"page_CONTATTI.php","meta":[],"acf":[],"yoast_head":"<!-- This site is optimized with the Yoast SEO plugin v19.3 - https:\/\/yoast.com\/wordpress\/plugins\/seo\/ -->\n<title>Infos und Kontakte | Villa Bogdano 1880 in Lison di Portogruaro (Venedig)<\/title>\n<meta name=\"description\" content=\"Sie finden uns in der Via Frassinella 7, in Lison di Portogruaro (VE). Kontaktieren Sie uns f\u00fcr jede Anfrage, wir sind f\u00fcr Sie da!\" \/>\n<meta name=\"robots\" content=\"index, follow, max-snippet:-1, max-image-preview:large, max-video-preview:-1\" \/>\n<link rel=\"canonical\" href=\"https:\/\/www.villabogdano1880.it\/de\/informationen-und-kontakte\/\" \/>\n<meta property=\"og:locale\" content=\"de_DE\" \/>\n<meta property=\"og:type\" content=\"article\" \/>\n<meta property=\"og:title\" content=\"Infos und Kontakte | Villa Bogdano 1880 in Lison di Portogruaro (Venedig)\" \/>\n<meta property=\"og:description\" content=\"Sie finden uns in der Via Frassinella 7, in Lison di Portogruaro (VE). Kontaktieren Sie uns f\u00fcr jede Anfrage, wir sind f\u00fcr Sie da!\" \/>\n<meta property=\"og:url\" content=\"https:\/\/www.villabogdano1880.it\/de\/informationen-und-kontakte\/\" \/>\n<meta property=\"og:site_name\" content=\"Villa Bogdano 1880\" \/>\n<meta property=\"article:publisher\" content=\"https:\/\/www.facebook.com\/VillaBogdano1880Wines\/\" \/>\n<meta property=\"article:modified_time\" content=\"2025-10-24T07:55:57+00:00\" \/>\n<meta name=\"twitter:card\" content=\"summary_large_image\" \/>\n<meta name=\"twitter:image\" content=\"https:\/\/www.villabogdano1880.it\/wp-content\/uploads\/2024\/01\/PIV09852.jpg\" \/>\n<meta name=\"twitter:label1\" content=\"Gesch\u00e4tzte Lesezeit\" \/>\n\t<meta name=\"twitter:data1\" content=\"1\u00a0Minute\" \/>\n<script type=\"application\/ld+json\" class=\"yoast-schema-graph\">{\"@context\":\"https:\/\/schema.org\",\"@graph\":[{\"@type\":\"Organization\",\"@id\":\"https:\/\/www.villabogdano1880.it\/#organization\",\"name\":\"Tenuta Planitia Societ\u00e0 Agricola S.r.l.\",\"url\":\"https:\/\/www.villabogdano1880.it\/\",\"sameAs\":[\"https:\/\/www.instagram.com\/villa_bogdano_wines\/?hl=it\",\"https:\/\/www.facebook.com\/VillaBogdano1880Wines\/\"],\"logo\":{\"@type\":\"ImageObject\",\"inLanguage\":\"de\",\"@id\":\"https:\/\/www.villabogdano1880.it\/#\/schema\/logo\/image\/\",\"url\":\"https:\/\/www.villabogdano1880.it\/wp-content\/uploads\/2019\/10\/bogdano-favicon.jpg\",\"contentUrl\":\"https:\/\/www.villabogdano1880.it\/wp-content\/uploads\/2019\/10\/bogdano-favicon.jpg\",\"width\":512,\"height\":512,\"caption\":\"Tenuta Planitia Societ\u00e0 Agricola S.r.l.\"},\"image\":{\"@id\":\"https:\/\/www.villabogdano1880.it\/#\/schema\/logo\/image\/\"}},{\"@type\":\"WebSite\",\"@id\":\"https:\/\/www.villabogdano1880.it\/#website\",\"url\":\"https:\/\/www.villabogdano1880.it\/\",\"name\":\"Villa Bogdano 1880\",\"description\":\"\",\"publisher\":{\"@id\":\"https:\/\/www.villabogdano1880.it\/#organization\"},\"potentialAction\":[{\"@type\":\"SearchAction\",\"target\":{\"@type\":\"EntryPoint\",\"urlTemplate\":\"https:\/\/www.villabogdano1880.it\/?s={search_term_string}\"},\"query-input\":\"required name=search_term_string\"}],\"inLanguage\":\"de\"},{\"@type\":\"ImageObject\",\"inLanguage\":\"de\",\"@id\":\"https:\/\/www.villabogdano1880.it\/de\/informationen-und-kontakte\/#primaryimage\",\"url\":\"https:\/\/www.villabogdano1880.it\/wp-content\/uploads\/2024\/01\/PIV09852.jpg\",\"contentUrl\":\"https:\/\/www.villabogdano1880.it\/wp-content\/uploads\/2024\/01\/PIV09852.jpg\",\"caption\":\"Wine shop\"},{\"@type\":\"WebPage\",\"@id\":\"https:\/\/www.villabogdano1880.it\/de\/informationen-und-kontakte\/\",\"url\":\"https:\/\/www.villabogdano1880.it\/de\/informationen-und-kontakte\/\",\"name\":\"Infos und Kontakte | Villa Bogdano 1880 in Lison di Portogruaro (Venedig)\",\"isPartOf\":{\"@id\":\"https:\/\/www.villabogdano1880.it\/#website\"},\"primaryImageOfPage\":{\"@id\":\"https:\/\/www.villabogdano1880.it\/de\/informationen-und-kontakte\/#primaryimage\"},\"datePublished\":\"2023-05-10T09:08:50+00:00\",\"dateModified\":\"2025-10-24T07:55:57+00:00\",\"description\":\"Sie finden uns in der Via Frassinella 7, in Lison di Portogruaro (VE). Kontaktieren Sie uns f\u00fcr jede Anfrage, wir sind f\u00fcr Sie da!\",\"breadcrumb\":{\"@id\":\"https:\/\/www.villabogdano1880.it\/de\/informationen-und-kontakte\/#breadcrumb\"},\"inLanguage\":\"de\",\"potentialAction\":[{\"@type\":\"ReadAction\",\"target\":[\"https:\/\/www.villabogdano1880.it\/de\/informationen-und-kontakte\/\"]}]},{\"@type\":\"BreadcrumbList\",\"@id\":\"https:\/\/www.villabogdano1880.it\/de\/informationen-und-kontakte\/#breadcrumb\",\"itemListElement\":[{\"@type\":\"ListItem\",\"position\":1,\"name\":\"Home\",\"item\":\"https:\/\/www.villabogdano1880.it\/de\/home\/\"},{\"@type\":\"ListItem\",\"position\":2,\"name\":\"Informationen und Kontakte\"}]}]}<\/script>\n<!-- \/ Yoast SEO plugin. -->","yoast_head_json":{"title":"Infos und Kontakte | Villa Bogdano 1880 in Lison di Portogruaro (Venedig)","description":"Sie finden uns in der Via Frassinella 7, in Lison di Portogruaro (VE). Kontaktieren Sie uns f\u00fcr jede Anfrage, wir sind f\u00fcr Sie da!","robots":{"index":"index","follow":"follow","max-snippet":"max-snippet:-1","max-image-preview":"max-image-preview:large","max-video-preview":"max-video-preview:-1"},"canonical":"https:\/\/www.villabogdano1880.it\/de\/informationen-und-kontakte\/","og_locale":"de_DE","og_type":"article","og_title":"Infos und Kontakte | Villa Bogdano 1880 in Lison di Portogruaro (Venedig)","og_description":"Sie finden uns in der Via Frassinella 7, in Lison di Portogruaro (VE). Kontaktieren Sie uns f\u00fcr jede Anfrage, wir sind f\u00fcr Sie da!","og_url":"https:\/\/www.villabogdano1880.it\/de\/informationen-und-kontakte\/","og_site_name":"Villa Bogdano 1880","article_publisher":"https:\/\/www.facebook.com\/VillaBogdano1880Wines\/","article_modified_time":"2025-10-24T07:55:57+00:00","twitter_card":"summary_large_image","twitter_image":"https:\/\/www.villabogdano1880.it\/wp-content\/uploads\/2024\/01\/PIV09852.jpg","twitter_misc":{"Gesch\u00e4tzte Lesezeit":"1\u00a0Minute"},"schema":{"@context":"https:\/\/schema.org","@graph":[{"@type":"Organization","@id":"https:\/\/www.villabogdano1880.it\/#organization","name":"Tenuta Planitia Societ\u00e0 Agricola S.r.l.","url":"https:\/\/www.villabogdano1880.it\/","sameAs":["https:\/\/www.instagram.com\/villa_bogdano_wines\/?hl=it","https:\/\/www.facebook.com\/VillaBogdano1880Wines\/"],"logo":{"@type":"ImageObject","inLanguage":"de","@id":"https:\/\/www.villabogdano1880.it\/#\/schema\/logo\/image\/","url":"https:\/\/www.villabogdano1880.it\/wp-content\/uploads\/2019\/10\/bogdano-favicon.jpg","contentUrl":"https:\/\/www.villabogdano1880.it\/wp-content\/uploads\/2019\/10\/bogdano-favicon.jpg","width":512,"height":512,"caption":"Tenuta Planitia Societ\u00e0 Agricola S.r.l."},"image":{"@id":"https:\/\/www.villabogdano1880.it\/#\/schema\/logo\/image\/"}},{"@type":"WebSite","@id":"https:\/\/www.villabogdano1880.it\/#website","url":"https:\/\/www.villabogdano1880.it\/","name":"Villa Bogdano 1880","description":"","publisher":{"@id":"https:\/\/www.villabogdano1880.it\/#organization"},"potentialAction":[{"@type":"SearchAction","target":{"@type":"EntryPoint","urlTemplate":"https:\/\/www.villabogdano1880.it\/?s={search_term_string}"},"query-input":"required name=search_term_string"}],"inLanguage":"de"},{"@type":"ImageObject","inLanguage":"de","@id":"https:\/\/www.villabogdano1880.it\/de\/informationen-und-kontakte\/#primaryimage","url":"https:\/\/www.villabogdano1880.it\/wp-content\/uploads\/2024\/01\/PIV09852.jpg","contentUrl":"https:\/\/www.villabogdano1880.it\/wp-content\/uploads\/2024\/01\/PIV09852.jpg","caption":"Wine shop"},{"@type":"WebPage","@id":"https:\/\/www.villabogdano1880.it\/de\/informationen-und-kontakte\/","url":"https:\/\/www.villabogdano1880.it\/de\/informationen-und-kontakte\/","name":"Infos und Kontakte | Villa Bogdano 1880 in Lison di Portogruaro (Venedig)","isPartOf":{"@id":"https:\/\/www.villabogdano1880.it\/#website"},"primaryImageOfPage":{"@id":"https:\/\/www.villabogdano1880.it\/de\/informationen-und-kontakte\/#primaryimage"},"datePublished":"2023-05-10T09:08:50+00:00","dateModified":"2025-10-24T07:55:57+00:00","description":"Sie finden uns in der Via Frassinella 7, in Lison di Portogruaro (VE). Kontaktieren Sie uns f\u00fcr jede Anfrage, wir sind f\u00fcr Sie da!","breadcrumb":{"@id":"https:\/\/www.villabogdano1880.it\/de\/informationen-und-kontakte\/#breadcrumb"},"inLanguage":"de","potentialAction":[{"@type":"ReadAction","target":["https:\/\/www.villabogdano1880.it\/de\/informationen-und-kontakte\/"]}]},{"@type":"BreadcrumbList","@id":"https:\/\/www.villabogdano1880.it\/de\/informationen-und-kontakte\/#breadcrumb","itemListElement":[{"@type":"ListItem","position":1,"name":"Home","item":"https:\/\/www.villabogdano1880.it\/de\/home\/"},{"@type":"ListItem","position":2,"name":"Informationen und Kontakte"}]}]}},"wps_subtitle":"","_links":{"self":[{"href":"https:\/\/www.villabogdano1880.it\/de\/wp-json\/wp\/v2\/pages\/3020"}],"collection":[{"href":"https:\/\/www.villabogdano1880.it\/de\/wp-json\/wp\/v2\/pages"}],"about":[{"href":"https:\/\/www.villabogdano1880.it\/de\/wp-json\/wp\/v2\/types\/page"}],"author":[{"embeddable":true,"href":"https:\/\/www.villabogdano1880.it\/de\/wp-json\/wp\/v2\/users\/1"}],"replies":[{"embeddable":true,"href":"https:\/\/www.villabogdano1880.it\/de\/wp-json\/wp\/v2\/comments?post=3020"}],"version-history":[{"count":16,"href":"https:\/\/www.villabogdano1880.it\/de\/wp-json\/wp\/v2\/pages\/3020\/revisions"}],"predecessor-version":[{"id":5218,"href":"https:\/\/www.villabogdano1880.it\/de\/wp-json\/wp\/v2\/pages\/3020\/revisions\/5218"}],"wp:featuredmedia":[{"embeddable":true,"href":"https:\/\/www.villabogdano1880.it\/de\/wp-json\/wp\/v2\/media\/4387"}],"wp:attachment":[{"href":"https:\/\/www.villabogdano1880.it\/de\/wp-json\/wp\/v2\/media?parent=3020"}],"curies":[{"name":"wp","href":"https:\/\/api.w.org\/{rel}","templated":true}]}}