{"id":3012,"date":"2023-05-10T10:09:45","date_gmt":"2023-05-10T08:09:45","guid":{"rendered":"https:\/\/www.villabogdano1880.it\/bio-weine\/"},"modified":"2023-05-10T10:09:45","modified_gmt":"2023-05-10T08:09:45","slug":"bio-weine","status":"publish","type":"page","link":"https:\/\/www.villabogdano1880.it\/de\/bio-weine\/","title":{"rendered":"Bio-weine"},"content":{"rendered":"<p>Wir bauen seit 1993 biologisch an: eine bewusste, verantwortungsvolle und zwingend notwendige Entscheidung, um das \u00d6kosystem zu sch\u00fctzen, zu erhalten und zu pflegen, als dessen W\u00e4chter sich Villa Bogdano versteht.<\/p>\n<p>Nur organische D\u00fcngemittel, Unkrautbek\u00e4mpfung ausschlie\u00dflich mit mechanischen Methoden und die Anwendung modernster technischer Mittel erm\u00f6glichen es uns, die Umwelt, in der wir leben, und den empfindlichen Planwald, einen integralen Bestandteil des Anwesens, zu erhalten und zu sch\u00fctzen.<\/p>\n","protected":false},"excerpt":{"rendered":"<p>Wir bauen seit 1993 biologisch an: eine bewusste, verantwortungsvolle und zwingend notwendige Entscheidung, um das \u00d6kosystem zu sch\u00fctzen, zu erhalten und zu pflegen, als dessen W\u00e4chter sich Villa Bogdano versteht. Nur organische D\u00fcngemittel, Unkrautbek\u00e4mpfung ausschlie\u00dflich mit mechanischen Methoden und die Anwendung modernster technischer Mittel erm\u00f6glichen es uns, die Umwelt, in der wir leben, und den [&hellip;]<\/p>\n","protected":false},"author":1,"featured_media":2576,"parent":0,"menu_order":0,"comment_status":"closed","ping_status":"closed","template":"page_VINI_BIOLOGICI.php","meta":[],"acf":[],"yoast_head":"<!-- This site is optimized with the Yoast SEO plugin v19.3 - https:\/\/yoast.com\/wordpress\/plugins\/seo\/ -->\n<title>Bio-Weine seit 1993, Schutz des \u00d6kosystems | Villa Bogdano 1880<\/title>\n<meta name=\"description\" content=\"Wir produzieren nur biologische Weine, die ausschlie\u00dflich aus der Vinifizierung unserer eigenen Trauben gewonnen werden, im Einklang mit einem wertvollen Anbaugebiet und zum Schutz unserer Verbraucher.\" \/>\n<meta name=\"robots\" content=\"index, follow, max-snippet:-1, max-image-preview:large, max-video-preview:-1\" \/>\n<link rel=\"canonical\" href=\"https:\/\/www.villabogdano1880.it\/vini-biologici\/\" \/>\n<meta property=\"og:locale\" content=\"de_DE\" \/>\n<meta property=\"og:type\" content=\"article\" \/>\n<meta property=\"og:title\" content=\"Bio-Weine seit 1993, Schutz des \u00d6kosystems | Villa Bogdano 1880\" \/>\n<meta property=\"og:description\" content=\"Wir produzieren nur biologische Weine, die ausschlie\u00dflich aus der Vinifizierung unserer eigenen Trauben gewonnen werden, im Einklang mit einem wertvollen Anbaugebiet und zum Schutz unserer Verbraucher.\" \/>\n<meta property=\"og:url\" content=\"https:\/\/www.villabogdano1880.it\/vini-biologici\/\" \/>\n<meta property=\"og:site_name\" content=\"Villa Bogdano 1880\" \/>\n<meta property=\"article:publisher\" content=\"https:\/\/www.facebook.com\/VillaBogdano1880Wines\/\" \/>\n<meta property=\"og:image\" content=\"https:\/\/www.villabogdano1880.it\/wp-content\/uploads\/2019\/07\/ragazzi-e1562335859434.jpg\" \/>\n\t<meta property=\"og:image:width\" content=\"1174\" \/>\n\t<meta property=\"og:image:height\" content=\"915\" \/>\n\t<meta property=\"og:image:type\" content=\"image\/jpeg\" \/>\n<meta name=\"twitter:card\" content=\"summary_large_image\" \/>\n<meta name=\"twitter:label1\" content=\"Gesch\u00e4tzte Lesezeit\" \/>\n\t<meta name=\"twitter:data1\" content=\"1\u00a0Minute\" \/>\n<script type=\"application\/ld+json\" class=\"yoast-schema-graph\">{\"@context\":\"https:\/\/schema.org\",\"@graph\":[{\"@type\":\"Organization\",\"@id\":\"https:\/\/www.villabogdano1880.it\/#organization\",\"name\":\"Tenuta Planitia Societ\u00e0 Agricola S.r.l.\",\"url\":\"https:\/\/www.villabogdano1880.it\/\",\"sameAs\":[\"https:\/\/www.instagram.com\/villa_bogdano_wines\/?hl=it\",\"https:\/\/www.facebook.com\/VillaBogdano1880Wines\/\"],\"logo\":{\"@type\":\"ImageObject\",\"inLanguage\":\"de\",\"@id\":\"https:\/\/www.villabogdano1880.it\/#\/schema\/logo\/image\/\",\"url\":\"https:\/\/www.villabogdano1880.it\/wp-content\/uploads\/2019\/10\/bogdano-favicon.jpg\",\"contentUrl\":\"https:\/\/www.villabogdano1880.it\/wp-content\/uploads\/2019\/10\/bogdano-favicon.jpg\",\"width\":512,\"height\":512,\"caption\":\"Tenuta Planitia Societ\u00e0 Agricola S.r.l.\"},\"image\":{\"@id\":\"https:\/\/www.villabogdano1880.it\/#\/schema\/logo\/image\/\"}},{\"@type\":\"WebSite\",\"@id\":\"https:\/\/www.villabogdano1880.it\/#website\",\"url\":\"https:\/\/www.villabogdano1880.it\/\",\"name\":\"Villa Bogdano 1880\",\"description\":\"\",\"publisher\":{\"@id\":\"https:\/\/www.villabogdano1880.it\/#organization\"},\"potentialAction\":[{\"@type\":\"SearchAction\",\"target\":{\"@type\":\"EntryPoint\",\"urlTemplate\":\"https:\/\/www.villabogdano1880.it\/?s={search_term_string}\"},\"query-input\":\"required name=search_term_string\"}],\"inLanguage\":\"de\"},{\"@type\":\"ImageObject\",\"inLanguage\":\"de\",\"@id\":\"https:\/\/www.villabogdano1880.it\/vini-biologici\/#primaryimage\",\"url\":\"https:\/\/www.villabogdano1880.it\/wp-content\/uploads\/2019\/07\/ragazzi-e1562335859434.jpg\",\"contentUrl\":\"https:\/\/www.villabogdano1880.it\/wp-content\/uploads\/2019\/07\/ragazzi-e1562335859434.jpg\",\"width\":1174,\"height\":915},{\"@type\":\"WebPage\",\"@id\":\"https:\/\/www.villabogdano1880.it\/vini-biologici\/\",\"url\":\"https:\/\/www.villabogdano1880.it\/vini-biologici\/\",\"name\":\"Bio-Weine seit 1993, Schutz des \u00d6kosystems | Villa Bogdano 1880\",\"isPartOf\":{\"@id\":\"https:\/\/www.villabogdano1880.it\/#website\"},\"primaryImageOfPage\":{\"@id\":\"https:\/\/www.villabogdano1880.it\/vini-biologici\/#primaryimage\"},\"datePublished\":\"2023-05-10T08:09:45+00:00\",\"dateModified\":\"2023-05-10T08:09:45+00:00\",\"description\":\"Wir produzieren nur biologische Weine, die ausschlie\u00dflich aus der Vinifizierung unserer eigenen Trauben gewonnen werden, im Einklang mit einem wertvollen Anbaugebiet und zum Schutz unserer Verbraucher.\",\"breadcrumb\":{\"@id\":\"https:\/\/www.villabogdano1880.it\/vini-biologici\/#breadcrumb\"},\"inLanguage\":\"de\",\"potentialAction\":[{\"@type\":\"ReadAction\",\"target\":[\"https:\/\/www.villabogdano1880.it\/vini-biologici\/\"]}]},{\"@type\":\"BreadcrumbList\",\"@id\":\"https:\/\/www.villabogdano1880.it\/vini-biologici\/#breadcrumb\",\"itemListElement\":[{\"@type\":\"ListItem\",\"position\":1,\"name\":\"Home\",\"item\":\"https:\/\/www.villabogdano1880.it\/de\/home\/\"},{\"@type\":\"ListItem\",\"position\":2,\"name\":\"Bio-weine\"}]}]}<\/script>\n<!-- \/ Yoast SEO plugin. -->","yoast_head_json":{"title":"Bio-Weine seit 1993, Schutz des \u00d6kosystems | Villa Bogdano 1880","description":"Wir produzieren nur biologische Weine, die ausschlie\u00dflich aus der Vinifizierung unserer eigenen Trauben gewonnen werden, im Einklang mit einem wertvollen Anbaugebiet und zum Schutz unserer Verbraucher.","robots":{"index":"index","follow":"follow","max-snippet":"max-snippet:-1","max-image-preview":"max-image-preview:large","max-video-preview":"max-video-preview:-1"},"canonical":"https:\/\/www.villabogdano1880.it\/vini-biologici\/","og_locale":"de_DE","og_type":"article","og_title":"Bio-Weine seit 1993, Schutz des \u00d6kosystems | Villa Bogdano 1880","og_description":"Wir produzieren nur biologische Weine, die ausschlie\u00dflich aus der Vinifizierung unserer eigenen Trauben gewonnen werden, im Einklang mit einem wertvollen Anbaugebiet und zum Schutz unserer Verbraucher.","og_url":"https:\/\/www.villabogdano1880.it\/vini-biologici\/","og_site_name":"Villa Bogdano 1880","article_publisher":"https:\/\/www.facebook.com\/VillaBogdano1880Wines\/","og_image":[{"width":1174,"height":915,"url":"https:\/\/www.villabogdano1880.it\/wp-content\/uploads\/2019\/07\/ragazzi-e1562335859434.jpg","type":"image\/jpeg"}],"twitter_card":"summary_large_image","twitter_misc":{"Gesch\u00e4tzte Lesezeit":"1\u00a0Minute"},"schema":{"@context":"https:\/\/schema.org","@graph":[{"@type":"Organization","@id":"https:\/\/www.villabogdano1880.it\/#organization","name":"Tenuta Planitia Societ\u00e0 Agricola S.r.l.","url":"https:\/\/www.villabogdano1880.it\/","sameAs":["https:\/\/www.instagram.com\/villa_bogdano_wines\/?hl=it","https:\/\/www.facebook.com\/VillaBogdano1880Wines\/"],"logo":{"@type":"ImageObject","inLanguage":"de","@id":"https:\/\/www.villabogdano1880.it\/#\/schema\/logo\/image\/","url":"https:\/\/www.villabogdano1880.it\/wp-content\/uploads\/2019\/10\/bogdano-favicon.jpg","contentUrl":"https:\/\/www.villabogdano1880.it\/wp-content\/uploads\/2019\/10\/bogdano-favicon.jpg","width":512,"height":512,"caption":"Tenuta Planitia Societ\u00e0 Agricola S.r.l."},"image":{"@id":"https:\/\/www.villabogdano1880.it\/#\/schema\/logo\/image\/"}},{"@type":"WebSite","@id":"https:\/\/www.villabogdano1880.it\/#website","url":"https:\/\/www.villabogdano1880.it\/","name":"Villa Bogdano 1880","description":"","publisher":{"@id":"https:\/\/www.villabogdano1880.it\/#organization"},"potentialAction":[{"@type":"SearchAction","target":{"@type":"EntryPoint","urlTemplate":"https:\/\/www.villabogdano1880.it\/?s={search_term_string}"},"query-input":"required name=search_term_string"}],"inLanguage":"de"},{"@type":"ImageObject","inLanguage":"de","@id":"https:\/\/www.villabogdano1880.it\/vini-biologici\/#primaryimage","url":"https:\/\/www.villabogdano1880.it\/wp-content\/uploads\/2019\/07\/ragazzi-e1562335859434.jpg","contentUrl":"https:\/\/www.villabogdano1880.it\/wp-content\/uploads\/2019\/07\/ragazzi-e1562335859434.jpg","width":1174,"height":915},{"@type":"WebPage","@id":"https:\/\/www.villabogdano1880.it\/vini-biologici\/","url":"https:\/\/www.villabogdano1880.it\/vini-biologici\/","name":"Bio-Weine seit 1993, Schutz des \u00d6kosystems | Villa Bogdano 1880","isPartOf":{"@id":"https:\/\/www.villabogdano1880.it\/#website"},"primaryImageOfPage":{"@id":"https:\/\/www.villabogdano1880.it\/vini-biologici\/#primaryimage"},"datePublished":"2023-05-10T08:09:45+00:00","dateModified":"2023-05-10T08:09:45+00:00","description":"Wir produzieren nur biologische Weine, die ausschlie\u00dflich aus der Vinifizierung unserer eigenen Trauben gewonnen werden, im Einklang mit einem wertvollen Anbaugebiet und zum Schutz unserer Verbraucher.","breadcrumb":{"@id":"https:\/\/www.villabogdano1880.it\/vini-biologici\/#breadcrumb"},"inLanguage":"de","potentialAction":[{"@type":"ReadAction","target":["https:\/\/www.villabogdano1880.it\/vini-biologici\/"]}]},{"@type":"BreadcrumbList","@id":"https:\/\/www.villabogdano1880.it\/vini-biologici\/#breadcrumb","itemListElement":[{"@type":"ListItem","position":1,"name":"Home","item":"https:\/\/www.villabogdano1880.it\/de\/home\/"},{"@type":"ListItem","position":2,"name":"Bio-weine"}]}]}},"wps_subtitle":"Warum Bio","_links":{"self":[{"href":"https:\/\/www.villabogdano1880.it\/de\/wp-json\/wp\/v2\/pages\/3012"}],"collection":[{"href":"https:\/\/www.villabogdano1880.it\/de\/wp-json\/wp\/v2\/pages"}],"about":[{"href":"https:\/\/www.villabogdano1880.it\/de\/wp-json\/wp\/v2\/types\/page"}],"author":[{"embeddable":true,"href":"https:\/\/www.villabogdano1880.it\/de\/wp-json\/wp\/v2\/users\/1"}],"replies":[{"embeddable":true,"href":"https:\/\/www.villabogdano1880.it\/de\/wp-json\/wp\/v2\/comments?post=3012"}],"version-history":[{"count":0,"href":"https:\/\/www.villabogdano1880.it\/de\/wp-json\/wp\/v2\/pages\/3012\/revisions"}],"wp:featuredmedia":[{"embeddable":true,"href":"https:\/\/www.villabogdano1880.it\/de\/wp-json\/wp\/v2\/media\/2576"}],"wp:attachment":[{"href":"https:\/\/www.villabogdano1880.it\/de\/wp-json\/wp\/v2\/media?parent=3012"}],"curies":[{"name":"wp","href":"https:\/\/api.w.org\/{rel}","templated":true}]}}