{"id":3007,"date":"2023-05-10T09:51:12","date_gmt":"2023-05-10T07:51:12","guid":{"rendered":"https:\/\/www.villabogdano1880.it\/natur\/"},"modified":"2023-05-10T09:51:12","modified_gmt":"2023-05-10T07:51:12","slug":"natur","status":"publish","type":"page","link":"https:\/\/www.villabogdano1880.it\/de\/natur\/","title":{"rendered":"Natur"},"content":{"rendered":"<p>Ein magischer Ort, ein antikes Habitat, das Zeuge der Geschichte und der Entwicklung des Lebens ist. Ein Jahrhunderte altes Anwesen, erschaffen an einem unber\u00fchrten Ort, an dem es um eine nachhaltige Zukunft, um Natur, Leben und Leidenschaft geht.<\/p>\n","protected":false},"excerpt":{"rendered":"<p>Ein magischer Ort, ein antikes Habitat, das Zeuge der Geschichte und der Entwicklung des Lebens ist. Ein Jahrhunderte altes Anwesen, erschaffen an einem unber\u00fchrten Ort, an dem es um eine nachhaltige Zukunft, um Natur, Leben und Leidenschaft geht.<\/p>\n","protected":false},"author":1,"featured_media":0,"parent":0,"menu_order":0,"comment_status":"closed","ping_status":"closed","template":"page_NATURA.php","meta":[],"acf":[],"yoast_head":"<!-- This site is optimized with the Yoast SEO plugin v19.3 - https:\/\/yoast.com\/wordpress\/plugins\/seo\/ -->\n<title>Unsere Weine kommen von einem magischen Ort | Villa Bogdano 1880<\/title>\n<meta name=\"description\" content=\"Die Villa Bogdano 1880 liegt am Rande eines Tieflandwaldes aus dem Jahr 1200, der von der Europ\u00e4ischen Gemeinschaft als Natura 2000-Schutzgebiet f\u00fcr die biologische Vielfalt ausgew\u00e4hlt wurde.\" \/>\n<meta name=\"robots\" content=\"index, follow, max-snippet:-1, max-image-preview:large, max-video-preview:-1\" \/>\n<link rel=\"canonical\" href=\"https:\/\/www.villabogdano1880.it\/natura\/\" \/>\n<meta property=\"og:locale\" content=\"de_DE\" \/>\n<meta property=\"og:type\" content=\"article\" \/>\n<meta property=\"og:title\" content=\"Unsere Weine kommen von einem magischen Ort | Villa Bogdano 1880\" \/>\n<meta property=\"og:description\" content=\"Die Villa Bogdano 1880 liegt am Rande eines Tieflandwaldes aus dem Jahr 1200, der von der Europ\u00e4ischen Gemeinschaft als Natura 2000-Schutzgebiet f\u00fcr die biologische Vielfalt ausgew\u00e4hlt wurde.\" \/>\n<meta property=\"og:url\" content=\"https:\/\/www.villabogdano1880.it\/natura\/\" \/>\n<meta property=\"og:site_name\" content=\"Villa Bogdano 1880\" \/>\n<meta property=\"article:publisher\" content=\"https:\/\/www.facebook.com\/VillaBogdano1880Wines\/\" \/>\n<meta name=\"twitter:card\" content=\"summary_large_image\" \/>\n<meta name=\"twitter:label1\" content=\"Gesch\u00e4tzte Lesezeit\" \/>\n\t<meta name=\"twitter:data1\" content=\"1\u00a0Minute\" \/>\n<script type=\"application\/ld+json\" class=\"yoast-schema-graph\">{\"@context\":\"https:\/\/schema.org\",\"@graph\":[{\"@type\":\"Organization\",\"@id\":\"https:\/\/www.villabogdano1880.it\/#organization\",\"name\":\"Tenuta Planitia Societ\u00e0 Agricola S.r.l.\",\"url\":\"https:\/\/www.villabogdano1880.it\/\",\"sameAs\":[\"https:\/\/www.instagram.com\/villa_bogdano_wines\/?hl=it\",\"https:\/\/www.facebook.com\/VillaBogdano1880Wines\/\"],\"logo\":{\"@type\":\"ImageObject\",\"inLanguage\":\"de\",\"@id\":\"https:\/\/www.villabogdano1880.it\/#\/schema\/logo\/image\/\",\"url\":\"https:\/\/www.villabogdano1880.it\/wp-content\/uploads\/2019\/10\/bogdano-favicon.jpg\",\"contentUrl\":\"https:\/\/www.villabogdano1880.it\/wp-content\/uploads\/2019\/10\/bogdano-favicon.jpg\",\"width\":512,\"height\":512,\"caption\":\"Tenuta Planitia Societ\u00e0 Agricola S.r.l.\"},\"image\":{\"@id\":\"https:\/\/www.villabogdano1880.it\/#\/schema\/logo\/image\/\"}},{\"@type\":\"WebSite\",\"@id\":\"https:\/\/www.villabogdano1880.it\/#website\",\"url\":\"https:\/\/www.villabogdano1880.it\/\",\"name\":\"Villa Bogdano 1880\",\"description\":\"\",\"publisher\":{\"@id\":\"https:\/\/www.villabogdano1880.it\/#organization\"},\"potentialAction\":[{\"@type\":\"SearchAction\",\"target\":{\"@type\":\"EntryPoint\",\"urlTemplate\":\"https:\/\/www.villabogdano1880.it\/?s={search_term_string}\"},\"query-input\":\"required name=search_term_string\"}],\"inLanguage\":\"de\"},{\"@type\":\"WebPage\",\"@id\":\"https:\/\/www.villabogdano1880.it\/natura\/\",\"url\":\"https:\/\/www.villabogdano1880.it\/natura\/\",\"name\":\"Unsere Weine kommen von einem magischen Ort | Villa Bogdano 1880\",\"isPartOf\":{\"@id\":\"https:\/\/www.villabogdano1880.it\/#website\"},\"datePublished\":\"2023-05-10T07:51:12+00:00\",\"dateModified\":\"2023-05-10T07:51:12+00:00\",\"description\":\"Die Villa Bogdano 1880 liegt am Rande eines Tieflandwaldes aus dem Jahr 1200, der von der Europ\u00e4ischen Gemeinschaft als Natura 2000-Schutzgebiet f\u00fcr die biologische Vielfalt ausgew\u00e4hlt wurde.\",\"breadcrumb\":{\"@id\":\"https:\/\/www.villabogdano1880.it\/natura\/#breadcrumb\"},\"inLanguage\":\"de\",\"potentialAction\":[{\"@type\":\"ReadAction\",\"target\":[\"https:\/\/www.villabogdano1880.it\/natura\/\"]}]},{\"@type\":\"BreadcrumbList\",\"@id\":\"https:\/\/www.villabogdano1880.it\/natura\/#breadcrumb\",\"itemListElement\":[{\"@type\":\"ListItem\",\"position\":1,\"name\":\"Home\",\"item\":\"https:\/\/www.villabogdano1880.it\/de\/home\/\"},{\"@type\":\"ListItem\",\"position\":2,\"name\":\"Natur\"}]}]}<\/script>\n<!-- \/ Yoast SEO plugin. -->","yoast_head_json":{"title":"Unsere Weine kommen von einem magischen Ort | Villa Bogdano 1880","description":"Die Villa Bogdano 1880 liegt am Rande eines Tieflandwaldes aus dem Jahr 1200, der von der Europ\u00e4ischen Gemeinschaft als Natura 2000-Schutzgebiet f\u00fcr die biologische Vielfalt ausgew\u00e4hlt wurde.","robots":{"index":"index","follow":"follow","max-snippet":"max-snippet:-1","max-image-preview":"max-image-preview:large","max-video-preview":"max-video-preview:-1"},"canonical":"https:\/\/www.villabogdano1880.it\/natura\/","og_locale":"de_DE","og_type":"article","og_title":"Unsere Weine kommen von einem magischen Ort | Villa Bogdano 1880","og_description":"Die Villa Bogdano 1880 liegt am Rande eines Tieflandwaldes aus dem Jahr 1200, der von der Europ\u00e4ischen Gemeinschaft als Natura 2000-Schutzgebiet f\u00fcr die biologische Vielfalt ausgew\u00e4hlt wurde.","og_url":"https:\/\/www.villabogdano1880.it\/natura\/","og_site_name":"Villa Bogdano 1880","article_publisher":"https:\/\/www.facebook.com\/VillaBogdano1880Wines\/","twitter_card":"summary_large_image","twitter_misc":{"Gesch\u00e4tzte Lesezeit":"1\u00a0Minute"},"schema":{"@context":"https:\/\/schema.org","@graph":[{"@type":"Organization","@id":"https:\/\/www.villabogdano1880.it\/#organization","name":"Tenuta Planitia Societ\u00e0 Agricola S.r.l.","url":"https:\/\/www.villabogdano1880.it\/","sameAs":["https:\/\/www.instagram.com\/villa_bogdano_wines\/?hl=it","https:\/\/www.facebook.com\/VillaBogdano1880Wines\/"],"logo":{"@type":"ImageObject","inLanguage":"de","@id":"https:\/\/www.villabogdano1880.it\/#\/schema\/logo\/image\/","url":"https:\/\/www.villabogdano1880.it\/wp-content\/uploads\/2019\/10\/bogdano-favicon.jpg","contentUrl":"https:\/\/www.villabogdano1880.it\/wp-content\/uploads\/2019\/10\/bogdano-favicon.jpg","width":512,"height":512,"caption":"Tenuta Planitia Societ\u00e0 Agricola S.r.l."},"image":{"@id":"https:\/\/www.villabogdano1880.it\/#\/schema\/logo\/image\/"}},{"@type":"WebSite","@id":"https:\/\/www.villabogdano1880.it\/#website","url":"https:\/\/www.villabogdano1880.it\/","name":"Villa Bogdano 1880","description":"","publisher":{"@id":"https:\/\/www.villabogdano1880.it\/#organization"},"potentialAction":[{"@type":"SearchAction","target":{"@type":"EntryPoint","urlTemplate":"https:\/\/www.villabogdano1880.it\/?s={search_term_string}"},"query-input":"required name=search_term_string"}],"inLanguage":"de"},{"@type":"WebPage","@id":"https:\/\/www.villabogdano1880.it\/natura\/","url":"https:\/\/www.villabogdano1880.it\/natura\/","name":"Unsere Weine kommen von einem magischen Ort | Villa Bogdano 1880","isPartOf":{"@id":"https:\/\/www.villabogdano1880.it\/#website"},"datePublished":"2023-05-10T07:51:12+00:00","dateModified":"2023-05-10T07:51:12+00:00","description":"Die Villa Bogdano 1880 liegt am Rande eines Tieflandwaldes aus dem Jahr 1200, der von der Europ\u00e4ischen Gemeinschaft als Natura 2000-Schutzgebiet f\u00fcr die biologische Vielfalt ausgew\u00e4hlt wurde.","breadcrumb":{"@id":"https:\/\/www.villabogdano1880.it\/natura\/#breadcrumb"},"inLanguage":"de","potentialAction":[{"@type":"ReadAction","target":["https:\/\/www.villabogdano1880.it\/natura\/"]}]},{"@type":"BreadcrumbList","@id":"https:\/\/www.villabogdano1880.it\/natura\/#breadcrumb","itemListElement":[{"@type":"ListItem","position":1,"name":"Home","item":"https:\/\/www.villabogdano1880.it\/de\/home\/"},{"@type":"ListItem","position":2,"name":"Natur"}]}]}},"wps_subtitle":"Ein unverdorbener Ort","_links":{"self":[{"href":"https:\/\/www.villabogdano1880.it\/de\/wp-json\/wp\/v2\/pages\/3007"}],"collection":[{"href":"https:\/\/www.villabogdano1880.it\/de\/wp-json\/wp\/v2\/pages"}],"about":[{"href":"https:\/\/www.villabogdano1880.it\/de\/wp-json\/wp\/v2\/types\/page"}],"author":[{"embeddable":true,"href":"https:\/\/www.villabogdano1880.it\/de\/wp-json\/wp\/v2\/users\/1"}],"replies":[{"embeddable":true,"href":"https:\/\/www.villabogdano1880.it\/de\/wp-json\/wp\/v2\/comments?post=3007"}],"version-history":[{"count":0,"href":"https:\/\/www.villabogdano1880.it\/de\/wp-json\/wp\/v2\/pages\/3007\/revisions"}],"wp:attachment":[{"href":"https:\/\/www.villabogdano1880.it\/de\/wp-json\/wp\/v2\/media?parent=3007"}],"curies":[{"name":"wp","href":"https:\/\/api.w.org\/{rel}","templated":true}]}}